{"id":894,"date":"2014-03-04T16:48:25","date_gmt":"2014-03-04T14:48:25","guid":{"rendered":"http:\/\/www.ahspt.cat\/inicio\/"},"modified":"2014-03-04T16:48:25","modified_gmt":"2014-03-04T14:48:25","slug":"inicio","status":"publish","type":"page","link":"https:\/\/www.ahspt.cat\/es\/","title":{"rendered":"Inicio"},"content":{"rendered":"<p style=\"text-align: justify;\">Bienvenido\/da a la p\u00e1gina web del Arxiu Hist\u00f2ric de l\u2019Hopsital de Sant Pau i Santa Tecla (AHSPT).<\/p>\n<p style=\"text-align: justify;\">El Arxiu Hist\u00f2ric de l\u2019Hospital de Sant Pau i\u00a0Santa Tecla es una instituci\u00f3n cultural la finalidad de la cual es conservar y\u00a0facilitar el acceso y la consulta de los fondos documentales que le son propios. Esta p\u00e1gina web pone a disposici\u00f3n de los ciudadanos todo la documentaci\u00f3n del fondo documental del Hospital de Sant Pau i\u00a0Santa Tecla a la cual se puede acceder mediante el apartado <a href=\"http:\/\/arxiuenlinia.ahspt.cat\/ES\" target=\"_blank\"><strong><span style=\"color: blue;\">Archivo en linea<\/span><\/strong><\/a>.<\/p>\n<p style=\"text-align: justify;\"><img loading=\"lazy\" decoding=\"async\" class=\"aligncenter wp-image-708 size-full\" src=\"http:\/\/ahspt.wp.arqtgn.cat\/wp-content\/uploads\/sites\/6\/2015\/05\/Inici.jpg\" alt=\"Inici\" width=\"750\" height=\"599\" srcset=\"https:\/\/www.ahspt.cat\/wp-content\/uploads\/sites\/6\/2015\/05\/Inici.jpg 750w, https:\/\/www.ahspt.cat\/wp-content\/uploads\/sites\/6\/2015\/05\/Inici-300x240.jpg 300w\" sizes=\"auto, (max-width: 750px) 100vw, 750px\" \/><\/p>\n","protected":false},"excerpt":{"rendered":"<p>Bienvenido\/da a la p\u00e1gina web del Arxiu Hist\u00f2ric de l\u2019Hopsital de Sant Pau i Santa Tecla (AHSPT). El Arxiu Hist\u00f2ric de l\u2019Hospital de Sant Pau i\u00a0Santa Tecla es una instituci\u00f3n cultural la finalidad de la cual es conservar y\u00a0facilitar el acceso y la consulta de los fondos documentales que le son propios. Esta p\u00e1gina web&hellip; <a href=\"https:\/\/www.ahspt.cat\/es\/\">Read More<\/a><\/p>\n","protected":false},"author":1,"featured_media":0,"parent":0,"menu_order":0,"comment_status":"closed","ping_status":"closed","template":"page-templates\/front-page.php","meta":{"footnotes":""},"class_list":["post-894","page","type-page","status-publish","hentry"],"amp_enabled":false,"_links":{"self":[{"href":"https:\/\/www.ahspt.cat\/es\/wp-json\/wp\/v2\/pages\/894","targetHints":{"allow":["GET"]}}],"collection":[{"href":"https:\/\/www.ahspt.cat\/es\/wp-json\/wp\/v2\/pages"}],"about":[{"href":"https:\/\/www.ahspt.cat\/es\/wp-json\/wp\/v2\/types\/page"}],"author":[{"embeddable":true,"href":"https:\/\/www.ahspt.cat\/es\/wp-json\/wp\/v2\/users\/1"}],"replies":[{"embeddable":true,"href":"https:\/\/www.ahspt.cat\/es\/wp-json\/wp\/v2\/comments?post=894"}],"version-history":[{"count":0,"href":"https:\/\/www.ahspt.cat\/es\/wp-json\/wp\/v2\/pages\/894\/revisions"}],"wp:attachment":[{"href":"https:\/\/www.ahspt.cat\/es\/wp-json\/wp\/v2\/media?parent=894"}],"curies":[{"name":"wp","href":"https:\/\/api.w.org\/{rel}","templated":true}]}}