{"id":896,"date":"2014-03-04T18:42:11","date_gmt":"2014-03-04T16:42:11","guid":{"rendered":"http:\/\/www.ahspt.cat\/el-hospital-hoy\/"},"modified":"2014-03-04T18:42:11","modified_gmt":"2014-03-04T16:42:11","slug":"el-hospital-hoy","status":"publish","type":"page","link":"https:\/\/www.ahspt.cat\/es\/el-hospital-hoy\/","title":{"rendered":"El Hospital hoy"},"content":{"rendered":"<p style=\"padding-left: 30px\">Ubicado en el n\u00famero 14 de la Rambla Vella de Tarragona, el Hospital cuenta actualmente con m\u00e1s de 200 camas: 177 camas de internamiento convencionales, 10 camas de cirug\u00eda mayor ambulatoria, 3 camas de hospital de dia, 9 camas de curas intensivas. Adem\u00e1s de 18 box de urgencias y 3 cunas de pediatr\u00eda. Tambi\u00e9n cuenta con 6 quir\u00f3fanos (5 de cirug\u00eda mayor y uno de partos), dos salas de cirug\u00eda menor y una sala de partos.<\/p>\n<p style=\"padding-left: 30px\">El Hospital ofrece un amplio abanico de servicios sanitarios en los tres grandes \u00e1mbitos:<\/p>\n<blockquote>\n<p style=\"padding-left: 30px\"><strong>Especialidades m\u00e9dicas:<\/strong> Alergia, Aparato digestivo, Cardiolog\u00eda, Dermatolog\u00eda, Endocrinolog\u00eda, Hematolog\u00eda y Hemoterapia, Medicina interna, Medicina intensiva, Nefrolog\u00eda, Neurolog\u00eda, Oncolog\u00eda, Pediatr\u00eda, Pneumolog\u00eda y Reumatolog\u00eda.<\/p>\n<\/blockquote>\n<blockquote>\n<p style=\"padding-left: 30px\"><strong>Especialidades quir\u00fargicas:<\/strong> Cirug\u00eda General, Cirug\u00eda Ortop\u00e9dica y Traumatolog\u00eda, Cirug\u00eda Maxilofacial, Cirug\u00eda Vascular, Obstetricia y ginecolog\u00eda, Oftalmolog\u00eda, Otorrinolaringolog\u00eda y Urolog\u00eda.<\/p>\n<\/blockquote>\n<blockquote>\n<p style=\"padding-left: 30px\"><strong>Servicios centrales:<\/strong> Analisis cl\u00ednicas, Anatom\u00eda Patol\u00f3gica, Anestesiolog\u00eda y Reanimaci\u00f3n, Diagn\u00f3stico para la imagen, Farmacia, Medicina de Deporte, Rehabilitaci\u00f3n, Urgencias y Unidad de curas intensivas.<\/p>\n<\/blockquote>\n","protected":false},"excerpt":{"rendered":"<p>Ubicado en el n\u00famero 14 de la Rambla Vella de Tarragona, el Hospital cuenta actualmente con m\u00e1s de 200 camas: 177 camas de internamiento convencionales, 10 camas de cirug\u00eda mayor ambulatoria, 3 camas de hospital de dia, 9 camas de curas intensivas. Adem\u00e1s de 18 box de urgencias y 3 cunas de pediatr\u00eda. Tambi\u00e9n cuenta&hellip; <a href=\"https:\/\/www.ahspt.cat\/es\/el-hospital-hoy\/\">Read More<\/a><\/p>\n","protected":false},"author":1,"featured_media":0,"parent":0,"menu_order":0,"comment_status":"closed","ping_status":"closed","template":"","meta":{"footnotes":""},"class_list":["post-896","page","type-page","status-publish","hentry"],"amp_enabled":true,"_links":{"self":[{"href":"https:\/\/www.ahspt.cat\/es\/wp-json\/wp\/v2\/pages\/896","targetHints":{"allow":["GET"]}}],"collection":[{"href":"https:\/\/www.ahspt.cat\/es\/wp-json\/wp\/v2\/pages"}],"about":[{"href":"https:\/\/www.ahspt.cat\/es\/wp-json\/wp\/v2\/types\/page"}],"author":[{"embeddable":true,"href":"https:\/\/www.ahspt.cat\/es\/wp-json\/wp\/v2\/users\/1"}],"replies":[{"embeddable":true,"href":"https:\/\/www.ahspt.cat\/es\/wp-json\/wp\/v2\/comments?post=896"}],"version-history":[{"count":0,"href":"https:\/\/www.ahspt.cat\/es\/wp-json\/wp\/v2\/pages\/896\/revisions"}],"wp:attachment":[{"href":"https:\/\/www.ahspt.cat\/es\/wp-json\/wp\/v2\/media?parent=896"}],"curies":[{"name":"wp","href":"https:\/\/api.w.org\/{rel}","templated":true}]}}