{"id":898,"date":"2014-03-04T18:48:58","date_gmt":"2014-03-04T16:48:58","guid":{"rendered":"http:\/\/www.ahspt.cat\/el-hospital\/"},"modified":"2014-03-04T18:48:58","modified_gmt":"2014-03-04T16:48:58","slug":"el-hospital","status":"publish","type":"page","link":"https:\/\/www.ahspt.cat\/es\/el-hospital\/","title":{"rendered":"El Hospital"},"content":{"rendered":"<p style=\"padding-left: 30px\">El Hospital Sant Pau y Santa Tecla <strong> es el hospital m\u00e1s antiguo de la provincia<\/strong>. Lo fund\u00f3 el arzobispo Pedro de Urrea a instancias del cabildo catedralicio y la universidad-ayuntamiento-de la ciudad en 1464 aunque la ciudad contaba con hospital desde el a\u00f1o 1171.<\/p>\n<p style=\"padding-left: 30px\">Actualmente est\u00e1 ubicado en la Rambla Vella de Tarragona. El hospital cuenta con <strong> m\u00e1s de 200 camas <\/strong> y ofrece <strong> m\u00e1s de 32 servicios <\/strong> entre especialidades m\u00e9dicas, especialidades quir\u00fargicas y servicios centrales.<\/p>\n<blockquote>\n<h2 style=\"padding-left: 60px\"><a href=\"http:\/\/www.ahspt.cat\/historia-de-la-institucio\/\"><span style=\"color: #1e73be\">Historia<\/span><\/a><\/h2>\n<\/blockquote>\n<p style=\"padding-left: 120px\">Conoce la historia del Hospital de Sant Pau y Santa Tecla desde el siglo XII.<\/p>\n<blockquote>\n<h2 style=\"padding-left: 60px\"><a href=\"http:\/\/www.ahspt.cat\/lhospital-avui\/\"><span style=\"color: #1e73be;font-size: 1.313rem;background-color: transparent;line-height: 1.313rem\">El Hospital hoy<\/span><\/a><\/h2>\n<\/blockquote>\n<p style=\"padding-left: 120px\">Conoce c\u00f3mo es y qu\u00e9 hace el Hospital hoy en d\u00eda.<\/p>\n","protected":false},"excerpt":{"rendered":"<p>El Hospital Sant Pau y Santa Tecla es el hospital m\u00e1s antiguo de la provincia. Lo fund\u00f3 el arzobispo Pedro de Urrea a instancias del cabildo catedralicio y la universidad-ayuntamiento-de la ciudad en 1464 aunque la ciudad contaba con hospital desde el a\u00f1o 1171. Actualmente est\u00e1 ubicado en la Rambla Vella de Tarragona. El hospital&hellip; <a href=\"https:\/\/www.ahspt.cat\/es\/el-hospital\/\">Read More<\/a><\/p>\n","protected":false},"author":1,"featured_media":0,"parent":0,"menu_order":0,"comment_status":"closed","ping_status":"closed","template":"","meta":{"footnotes":""},"class_list":["post-898","page","type-page","status-publish","hentry"],"amp_enabled":true,"_links":{"self":[{"href":"https:\/\/www.ahspt.cat\/es\/wp-json\/wp\/v2\/pages\/898","targetHints":{"allow":["GET"]}}],"collection":[{"href":"https:\/\/www.ahspt.cat\/es\/wp-json\/wp\/v2\/pages"}],"about":[{"href":"https:\/\/www.ahspt.cat\/es\/wp-json\/wp\/v2\/types\/page"}],"author":[{"embeddable":true,"href":"https:\/\/www.ahspt.cat\/es\/wp-json\/wp\/v2\/users\/1"}],"replies":[{"embeddable":true,"href":"https:\/\/www.ahspt.cat\/es\/wp-json\/wp\/v2\/comments?post=898"}],"version-history":[{"count":0,"href":"https:\/\/www.ahspt.cat\/es\/wp-json\/wp\/v2\/pages\/898\/revisions"}],"wp:attachment":[{"href":"https:\/\/www.ahspt.cat\/es\/wp-json\/wp\/v2\/media?parent=898"}],"curies":[{"name":"wp","href":"https:\/\/api.w.org\/{rel}","templated":true}]}}