{"id":900,"date":"2014-03-05T13:14:03","date_gmt":"2014-03-05T11:14:03","guid":{"rendered":"http:\/\/www.ahspt.cat\/archivo-en-linea\/"},"modified":"2014-03-05T13:14:03","modified_gmt":"2014-03-05T11:14:03","slug":"archivo-en-linea","status":"publish","type":"page","link":"https:\/\/www.ahspt.cat\/es\/archivo-en-linea\/","title":{"rendered":"Archivo en l\u00ednea"},"content":{"rendered":"<p style=\"padding-left: 60px;\">Desde este apartado el archivo ofrece la posibilidad de navegar a trav\u00e9s de los fondos documentales digitalizados.<\/p>\n<p style=\"padding-left: 60px;\">Accediendo a este enlace y sin necesidad de un registro previo se accede al cuadro de clasificaci\u00f3n que nos permite navegar por los diversos fondos del AHSPT. Se puede empezar des del nivel de descripci\u00f3n m\u00e1s alto \u2013fondo- hasta llegar al nivel m\u00e1s bajo de descripci\u00f3n -unidad documental compuesta o simple-, consultar la descripci\u00f3n de los fondos y, en \u00faltimo termino, consultar el documento digitalizado en caso de existir. En esta secci\u00f3n <strong>tambi\u00e9n podr\u00e1s solicitar im\u00e1genes<\/strong>.<\/p>\n<h1 style=\"padding-left: 450px;\"><a href=\"http:\/\/arxiuenlinia.ahspt.cat\/\" target=\"_blank\"><span style=\"color: #1e73be;\">Acceso al Archivo en l\u00ednea<\/span><\/a><\/h1>\n<p style=\"padding-left: 540px;\"><a href=\"http:\/\/ahspt.wp.arqtgn.cat\/wp-content\/uploads\/sites\/6\/2014\/03\/logo_550_baixaresolucio.jpg\"><img loading=\"lazy\" decoding=\"async\" class=\"size-medium wp-image-255 alignright\" src=\"http:\/\/ahspt.wp.arqtgn.cat\/wp-content\/uploads\/sites\/6\/2014\/03\/logo_550_baixaresolucio-257x300.jpg\" alt=\"logo_550_baixaresolucio\" width=\"257\" height=\"300\" srcset=\"https:\/\/www.ahspt.cat\/wp-content\/uploads\/sites\/6\/2014\/03\/logo_550_baixaresolucio-257x300.jpg 257w, https:\/\/www.ahspt.cat\/wp-content\/uploads\/sites\/6\/2014\/03\/logo_550_baixaresolucio.jpg 514w\" sizes=\"auto, (max-width: 257px) 100vw, 257px\" \/><\/a><\/p>\n","protected":false},"excerpt":{"rendered":"<p>Desde este apartado el archivo ofrece la posibilidad de navegar a trav\u00e9s de los fondos documentales digitalizados. Accediendo a este enlace y sin necesidad de un registro previo se accede al cuadro de clasificaci\u00f3n que nos permite navegar por los diversos fondos del AHSPT. Se puede empezar des del nivel de descripci\u00f3n m\u00e1s alto \u2013fondo-&hellip; <a href=\"https:\/\/www.ahspt.cat\/es\/archivo-en-linea\/\">Read More<\/a><\/p>\n","protected":false},"author":23,"featured_media":0,"parent":0,"menu_order":0,"comment_status":"closed","ping_status":"closed","template":"","meta":{"footnotes":""},"class_list":["post-900","page","type-page","status-publish","hentry"],"amp_enabled":true,"_links":{"self":[{"href":"https:\/\/www.ahspt.cat\/es\/wp-json\/wp\/v2\/pages\/900","targetHints":{"allow":["GET"]}}],"collection":[{"href":"https:\/\/www.ahspt.cat\/es\/wp-json\/wp\/v2\/pages"}],"about":[{"href":"https:\/\/www.ahspt.cat\/es\/wp-json\/wp\/v2\/types\/page"}],"author":[{"embeddable":true,"href":"https:\/\/www.ahspt.cat\/es\/wp-json\/wp\/v2\/users\/23"}],"replies":[{"embeddable":true,"href":"https:\/\/www.ahspt.cat\/es\/wp-json\/wp\/v2\/comments?post=900"}],"version-history":[{"count":0,"href":"https:\/\/www.ahspt.cat\/es\/wp-json\/wp\/v2\/pages\/900\/revisions"}],"wp:attachment":[{"href":"https:\/\/www.ahspt.cat\/es\/wp-json\/wp\/v2\/media?parent=900"}],"curies":[{"name":"wp","href":"https:\/\/api.w.org\/{rel}","templated":true}]}}