{"id":904,"date":"2014-03-05T13:16:11","date_gmt":"2014-03-05T11:16:11","guid":{"rendered":"http:\/\/www.ahspt.cat\/preguntas-frecuentes\/"},"modified":"2014-03-05T13:16:11","modified_gmt":"2014-03-05T11:16:11","slug":"preguntas-frecuentes","status":"publish","type":"page","link":"https:\/\/www.ahspt.cat\/es\/preguntas-frecuentes\/","title":{"rendered":"Preguntas frecuentes"},"content":{"rendered":"<p style=\"padding-left: 90px\">En este apartado encontrar\u00e9is algunas de las preguntas que nos han llegado de los usuarios junto con las respuestas que nos permitir\u00e1n navegar por la p\u00e1gina web con m\u00e1s facilidad. Si tienes cualquier otra duda, env\u00edanos un correo electr\u00f3nico y incluiremos tu pregunta en este apartado junto con la respuesta.<\/p>\n<p style=\"padding-left: 90px\"><strong><span style=\"color: #1e73be\">Que tengo que hacer para ver los documentos digitales?<\/span><\/strong><\/p>\n<p style=\"padding-left: 90px\">Ten\u00e9is que acceder al apartado Archivo en l\u00ednea. Una vez all\u00ed pod\u00e9is navegar por el cuadro de clasificaci\u00f3n y seleccionar la documentaci\u00f3n que m\u00e1s os interese consultar.<\/p>\n<p style=\"padding-left: 90px\"><strong><span style=\"color: #1e73be\">Estoy intentando imprimir el documento y no se me ve.<\/span><\/strong><\/p>\n<p style=\"padding-left: 90px\">El documento se visualiza en formato Flash(c) y esta protegido para evitar la impresi\u00f3n de los documentos; en caso de que quieran una copia, solicite la imagen pulsando\u00a0el carrito de la compra sobre la imagen en la que est\u00e1 interesado. Una vez hecho esto, deber\u00e1 acceder a Solicitar im\u00e1genes para terminar de tramitar el pedido, en un solo pedido se puede a\u00f1adir m\u00e1s de una imagen.<\/p>\n","protected":false},"excerpt":{"rendered":"<p>En este apartado encontrar\u00e9is algunas de las preguntas que nos han llegado de los usuarios junto con las respuestas que nos permitir\u00e1n navegar por la p\u00e1gina web con m\u00e1s facilidad. Si tienes cualquier otra duda, env\u00edanos un correo electr\u00f3nico y incluiremos tu pregunta en este apartado junto con la respuesta. Que tengo que hacer para&hellip; <a href=\"https:\/\/www.ahspt.cat\/es\/preguntas-frecuentes\/\">Read More<\/a><\/p>\n","protected":false},"author":23,"featured_media":0,"parent":0,"menu_order":0,"comment_status":"closed","ping_status":"closed","template":"","meta":{"footnotes":""},"class_list":["post-904","page","type-page","status-publish","hentry"],"amp_enabled":true,"_links":{"self":[{"href":"https:\/\/www.ahspt.cat\/es\/wp-json\/wp\/v2\/pages\/904","targetHints":{"allow":["GET"]}}],"collection":[{"href":"https:\/\/www.ahspt.cat\/es\/wp-json\/wp\/v2\/pages"}],"about":[{"href":"https:\/\/www.ahspt.cat\/es\/wp-json\/wp\/v2\/types\/page"}],"author":[{"embeddable":true,"href":"https:\/\/www.ahspt.cat\/es\/wp-json\/wp\/v2\/users\/23"}],"replies":[{"embeddable":true,"href":"https:\/\/www.ahspt.cat\/es\/wp-json\/wp\/v2\/comments?post=904"}],"version-history":[{"count":0,"href":"https:\/\/www.ahspt.cat\/es\/wp-json\/wp\/v2\/pages\/904\/revisions"}],"wp:attachment":[{"href":"https:\/\/www.ahspt.cat\/es\/wp-json\/wp\/v2\/media?parent=904"}],"curies":[{"name":"wp","href":"https:\/\/api.w.org\/{rel}","templated":true}]}}