{"id":918,"date":"2014-04-23T17:36:40","date_gmt":"2014-04-23T15:36:40","guid":{"rendered":"http:\/\/www.ahspt.cat\/prensa-y-medios\/"},"modified":"2014-04-23T17:36:40","modified_gmt":"2014-04-23T15:36:40","slug":"prensa-y-medios","status":"publish","type":"page","link":"https:\/\/www.ahspt.cat\/es\/prensa-y-medios\/","title":{"rendered":"Prensa y medios"},"content":{"rendered":"<p><p style=\"padding-left: 30px\"><strong>Art\u00edculo publicado en el Diari de Tarragona sobre la Guerra de Sucesi\u00f3n y el Hospital de Santa Tecla (19.05.2014)<\/strong><\/p>\n<p style=\"padding-left: 30px\"><a href=\"http:\/\/ahspt.wp.arqtgn.cat\/wp-content\/uploads\/sites\/6\/2014\/05\/P\u00e0gina-Diari-Tarragona-2014.05.19.pdf\" target=\"_blank\"><img loading=\"lazy\" decoding=\"async\" class=\"size-medium wp-image-359 alignnone\" src=\"http:\/\/ahspt.wp.arqtgn.cat\/wp-content\/uploads\/sites\/6\/2014\/05\/guerrasuccessi\u00f3-211x300.png\" alt=\"guerrasuccessi\u00f3\" width=\"211\" height=\"300\" \/><\/a><\/p>\n<p style=\"padding-left: 30px\"><strong>Art\u00edculo publicado en el Diari de Tarragona sobre el acto de presentaci\u00f3n del nuevo web del archivo (05.05.2014)<\/strong><\/p>\n<p style=\"padding-left: 30px\"><a href=\"http:\/\/ahspt.wp.arqtgn.cat\/wp-content\/uploads\/sites\/6\/2014\/05\/P\u00e0gina-Diari-Tarragona-2014.05.05.pdf\" target=\"_blank\"><img loading=\"lazy\" decoding=\"async\" class=\"size-medium wp-image-359 alignnone\" src=\"http:\/\/ahspt.wp.arqtgn.cat\/wp-content\/uploads\/sites\/6\/2014\/05\/5maig-211x300.png\" alt=\"5maig\" width=\"211\" height=\"300\" \/><\/a><\/p>\n<p>&nbsp;<\/p>\n<p style=\"padding-left: 30px\"><strong>Art\u00edculo publicado en el Diari de Tarragona sobre un aspecto de la financiaci\u00f3n del hospital y su teatro, el Teatro Principal (20.04.2014).<\/strong><\/p>\n<p style=\"padding-left: 30px\"><a href=\"http:\/\/ahspt.wp.arqtgn.cat\/wp-content\/uploads\/sites\/6\/2014\/03\/P\u00e0gina-completa-Diari-Tarragona-2014.04.20.pdf\" target=\"_blank\"><img loading=\"lazy\" decoding=\"async\" class=\"size-medium wp-image-359 alignnone\" src=\"http:\/\/ahspt.wp.arqtgn.cat\/wp-content\/uploads\/sites\/6\/2014\/03\/Un-aspecte-del-finanament-de-lhospital.jpg\" alt=\"Sense t\u00edtol_12\" width=\"210\" height=\"300\" \/><\/a><\/p>\n<p style=\"padding-left: 30px\"><strong><strong>Art\u00edculo publicado en el Diari de Tarragona sobre<\/strong>\u00a0el d\u00eda a d\u00eda en el Hospital de Santa Tecla en el siglo XVII (29.03.2014).<\/strong><\/p>\n<p style=\"padding-left: 30px\"><a href=\"http:\/\/ahspt.wp.arqtgn.cat\/wp-content\/uploads\/sites\/6\/2014\/03\/P\u00e0gina-completa-Diari-Tarragona-2014.03.29.pdf\" target=\"_blank\"><img loading=\"lazy\" decoding=\"async\" src=\"http:\/\/ahspt.wp.arqtgn.cat\/wp-content\/uploads\/sites\/6\/2014\/03\/El-dia-a-dia-a-lhospital-de-santa-Tecla-al-segle-XVII.jpg\" alt=\"Sense t\u00edtol\" width=\"217\" height=\"240\" \/><\/a><\/p>\n<p style=\"padding-left: 30px\"><strong><strong>Art\u00edculo publicado en el Diari de Tarragona sobre<\/strong>\u00a0el nuevo edificio del hospital inaugurado el a\u00f1o 1588 (17.03.2014).<\/strong><\/p>\n<p style=\"padding-left: 30px\"><a href=\"http:\/\/ahspt.wp.arqtgn.cat\/wp-content\/uploads\/sites\/6\/2014\/03\/P\u00e0gina-completa-Diari-Tarragona-2014.03.17.pdf\" target=\"_blank\"><img loading=\"lazy\" decoding=\"async\" src=\"http:\/\/ahspt.wp.arqtgn.cat\/wp-content\/uploads\/sites\/6\/2014\/03\/El-nou-edifici-de-lHospital-de-Santa-Tecla-1588.jpg\" alt=\"Sense t\u00edtol\" width=\"217\" height=\"240\" \/><\/a><\/p>\n<p style=\"padding-left: 30px\"><strong><strong>Art\u00edculo publicado en el Diari de Tarragona sobre los hospitales de\u00a0<\/strong>Tarragona i la fundacion del Hospital de Santa Tecla (01.03.2014).<\/strong><\/p>\n<p style=\"padding-left: 30px\"><a href=\"http:\/\/ahspt.wp.arqtgn.cat\/wp-content\/uploads\/sites\/6\/2014\/03\/P\u00e0gina-completa-Diari-Tarragona-2014.03.01.pdf\" target=\"_blank\"><img loading=\"lazy\" decoding=\"async\" src=\"http:\/\/ahspt.wp.arqtgn.cat\/wp-content\/uploads\/sites\/6\/2014\/03\/Els-hospitals-de-Tarragona-i-la-fundaci\u00f3-de-lHopsital-de-Santa-Tecla.png\" alt=\"Sense t\u00edtol\" width=\"217\" height=\"240\" \/><\/a><\/p>\n<p style=\"padding-left: 30px\"><strong>Noticia sobre el convenio de colaboraci\u00f3n firmado\u00a0entre el Arxiu Hist\u00f2ric Arxidioces\u00e0 de Tarragona i la Fundaci\u00f3 de l&#8217;Hospital de Sant Pau i Santa Tecla (16.06.2010).<\/strong><\/p>\n<p style=\"padding-left: 30px\"><a href=\"http:\/\/ahspt.wp.arqtgn.cat\/wp-content\/uploads\/sites\/6\/2014\/03\/ahat-ahspst.pdf\" target=\"_blank\"><img loading=\"lazy\" decoding=\"async\" src=\"http:\/\/ahspt.wp.arqtgn.cat\/wp-content\/uploads\/sites\/6\/2014\/03\/ahat-ahspst.png\" alt=\"Sense t\u00edtol\" width=\"217\" height=\"240\" \/><\/a><\/p><\/p>\n","protected":false},"excerpt":{"rendered":"<p>Art\u00edculo publicado en el Diari de Tarragona sobre la Guerra de Sucesi\u00f3n y el Hospital de Santa Tecla (19.05.2014) Art\u00edculo publicado en el Diari de Tarragona sobre el acto de presentaci\u00f3n del nuevo web del archivo (05.05.2014) &nbsp; Art\u00edculo publicado en el Diari de Tarragona sobre un aspecto de la financiaci\u00f3n del hospital y su&hellip; <a href=\"https:\/\/www.ahspt.cat\/es\/prensa-y-medios\/\">Read More<\/a><\/p>\n","protected":false},"author":23,"featured_media":0,"parent":0,"menu_order":0,"comment_status":"closed","ping_status":"closed","template":"","meta":{"footnotes":""},"class_list":["post-918","page","type-page","status-publish","hentry"],"amp_enabled":true,"_links":{"self":[{"href":"https:\/\/www.ahspt.cat\/es\/wp-json\/wp\/v2\/pages\/918","targetHints":{"allow":["GET"]}}],"collection":[{"href":"https:\/\/www.ahspt.cat\/es\/wp-json\/wp\/v2\/pages"}],"about":[{"href":"https:\/\/www.ahspt.cat\/es\/wp-json\/wp\/v2\/types\/page"}],"author":[{"embeddable":true,"href":"https:\/\/www.ahspt.cat\/es\/wp-json\/wp\/v2\/users\/23"}],"replies":[{"embeddable":true,"href":"https:\/\/www.ahspt.cat\/es\/wp-json\/wp\/v2\/comments?post=918"}],"version-history":[{"count":0,"href":"https:\/\/www.ahspt.cat\/es\/wp-json\/wp\/v2\/pages\/918\/revisions"}],"wp:attachment":[{"href":"https:\/\/www.ahspt.cat\/es\/wp-json\/wp\/v2\/media?parent=918"}],"curies":[{"name":"wp","href":"https:\/\/api.w.org\/{rel}","templated":true}]}}