{"id":923,"date":"2015-05-04T13:30:58","date_gmt":"2015-05-04T11:30:58","guid":{"rendered":"http:\/\/www.ahspt.cat\/bibliografia-3\/"},"modified":"2015-05-04T13:30:58","modified_gmt":"2015-05-04T11:30:58","slug":"bibliografia-3","status":"publish","type":"page","link":"https:\/\/www.ahspt.cat\/es\/bibliografia-3\/","title":{"rendered":"Bibliograf\u00eda"},"content":{"rendered":"<blockquote>\n<p style=\"padding-left: 30px\">Revent\u00f3s, Jacint. <span style=\"text-decoration: underline\"><em>Evoluci\u00f3 de l&#8217;assist\u00e8ncia a Catalunya<\/em><\/span>. Fundaci\u00f3 Uriach 1838, 2004.<strong> Puedes consultarlo y descargarlo <a href=\"http:\/\/www.fu1838.org\/pdf\/9820.pdf\" target=\"_blank\">aqu\u00ed<\/a><\/strong>.<\/p>\n<\/blockquote>\n<blockquote>\n<p style=\"padding-left: 30px\">Adser\u00e0 Martorell, Josep. <span style=\"text-decoration: underline\"><em>IV Congr\u00e9s d&#8217;Hist\u00f2ria de la Medicina Catalana, Poblet-Tarragona, junio 1985: Comunicaciones: IV Centenario del nuevo Hospital de Santa Tecla; El Dr. Juan Vives Rubio, primer m\u00e9dico residente; Vicisitudes cuando el sitio y asalto de 1811<\/em><\/span>. Tarragona: Hospital de Sant Pau i Santa Tecla de Tarragona, 1985.<strong> Puedes consultarlo y descargarlo <a href=\"http:\/\/issuu.com\/ahspt\/docs\/congres\" target=\"_blank\">aqu\u00ed<\/a><\/strong>.<\/p>\n<\/blockquote>\n<blockquote>\n<p style=\"padding-left: 30px\">Adser\u00e0 Martorell, Josep. <span style=\"text-decoration: underline\"><em>Relaci\u00f3 de metges i apotecaris que tenia la ciutat quan el setge i assalt a Tarragona el 1811<\/em><\/span>. Tarragona: Acad\u00e8mia de ci\u00e8ncies m\u00e8diques de Catalunya i Balears, 1985. Filial de Tarragona<strong> Puedes consultarlo y descargarlo <a href=\"http:\/\/issuu.com\/ahspt\/docs\/relaci___de_metges_i_apotecaris\" target=\"_blank\">aqu\u00ed<\/a><\/strong>.<\/p>\n<\/blockquote>\n<blockquote>\n<p style=\"padding-left: 30px\">Adser\u00e0 Martorell, Josep. <span style=\"text-decoration: underline\"><em>Reial privilegi concedit per Felip II al Col\u00b7legi de metges, apotecaris i cirurgians de Tarragona (30 juny 1599)<\/em><\/span>. Tarragona: Col\u00b7Legi oficial de metges de la prov\u00edncia de Tarragona, 1992.<strong> Puedes consultarlo y descargarlo <a href=\"http:\/\/issuu.com\/ahspt\/docs\/reial_privilegi\" target=\"_blank\">aqu\u00ed<\/a><\/strong>.<\/p>\n<\/blockquote>\n<blockquote>\n<p style=\"padding-left: 30px\">Barcel\u00f3 Prats, Josep. <span style=\"text-decoration: underline\"><em>Poder local, govern i assist\u00e8ncia p\u00fablica: el cas de Tarragona<\/em><\/span>. (Tesi Doctoral) Universitat Rovira i Virgili: Tarragona, 2014. <strong> Puedes consultarlo y descargarlo <a href=\"http:\/\/www.tdx.cat\/handle\/10803\/290988\" target=\"_blank\">aqu\u00ed<\/a><\/strong>.<\/p>\n<\/blockquote>\n<blockquote>\n<p style=\"padding-left: 30px\">Adser\u00e0 Martorell, Josep. <span style=\"text-decoration: underline\"><em>El Doctor Pere Batlle i Huget: deg\u00e0 de la junta de l&#8217;hospital (1955-1990)<\/em><\/span>. Tarragona: Associaci\u00f3 d&#8217;Amics de l&#8217;Hospital de Sant Pau i Santa Tecla, 1992. <strong>Puedes consultarlo y descargarlo <a href=\"http:\/\/issuu.com\/ahspt\/docs\/hospital_s_pau_i_sta_tecla_1\" target=\"_blank\">aqu\u00ed<\/a><\/strong>.<\/p>\n<\/blockquote>\n<blockquote>\n<p style=\"padding-left: 30px\">Adser\u00e0 Martorell, Josep. <span style=\"text-decoration: underline\"><em>Hist\u00f2ria moderna de l&#8217;Hospital de Sant Pau i Santa Tecla: 1939-1990<\/em><\/span>. Tarragona : Associaci\u00f3 d&#8217;Amics de l&#8217;Hospital de Sant Pau i Santa Tecla, 2000.\u00a0<strong>Puedes consultarlo y descargarlo <a href=\"http:\/\/issuu.com\/ahspt\/docs\/hospital_s_pau_i_sta_tecla_6\" target=\"_blank\">aqu\u00ed<\/a><\/strong>.<\/p>\n<\/blockquote>\n<blockquote>\n<p style=\"padding-left: 30px\">A.A.V.V. <span style=\"text-decoration: underline\"><em>In memoriam Dr. Salvador Guardiola Guarro, director de l&#8217;Hospital de Sant Pau i Santa Tecla, Tarragona (1960-1967)<\/em><\/span>. Tarragona: Associaci\u00f3 d&#8217;Amics de l&#8217;Hospital de Sant Pau i Santa Tecla, 1998.\u00a0<strong>Puedes consultarlo y descargarlo <a href=\"http:\/\/issuu.com\/ahspt\/docs\/hospital_s_pau_i_sta_tecla_5\" target=\"_blank\">aqu\u00ed<\/a><\/strong>.<\/p>\n<\/blockquote>\n<blockquote>\n<p style=\"padding-left: 30px\">Adser\u00e0 Martorell, Josep. <span style=\"text-decoration: underline\"><em>Actes celebrats en el IV centenari de l&#8217;Hospital Nou de Sant Pau i Santa Tecla<\/em><\/span>. Tarragona: Associaci\u00f3 d&#8217;Amics de l&#8217;Hospital de Sant Pau i Santa Tecla, 1992.\u00a0<strong>Puedes consultarlo y descargarlo <a href=\"http:\/\/issuu.com\/ahspt\/docs\/hospital_s_pau_i_sta_tecla_5\" target=\"_blank\">aqu\u00ed<\/a><\/strong>.<\/p>\n<\/blockquote>\n<blockquote>\n<p style=\"padding-left: 30px\">Adser\u00e0 Martorell, Josep. <em><span style=\"text-decoration: underline\">La Casa de recollides de Tarragona: primera ampliaci\u00f3 de l&#8217;hospital any 1764: breu estudi sobre espolis i vacants<\/span>.\u00a0<\/em>Tarragona: Associaci\u00f3 d&#8217;Amics de l&#8217;Hospital de Sant Pau i Santa Tecla, 1994.\u00a0<strong>Puedes consultarlo y descargarlo <a href=\"http:\/\/issuu.com\/ahspt\/docs\/hospital_s_pau_i_sta_tecla_3-min\" target=\"_blank\">aqu\u00ed<\/a><\/strong>.<\/p>\n<\/blockquote>\n<blockquote>\n<p style=\"padding-left: 30px\">Adser\u00e0 Martorell, Josep. <span style=\"text-decoration: underline\"><em>Hospital General de San Pablo y Santa Tecla. Estudio sobre costes de la asistencia a la poblaci\u00f3n ben\u00e9fica ingresada durante el a\u00f1o 1969<\/em><\/span>. Aportaci\u00f3n al \u00abII Seminario sobre costes y eficiencia Hospitalaria\u00bb\u00a0<strong>Puedes consultarlo y descargarlo <a href=\"http:\/\/issuu.com\/ahspt\/docs\/hospital_general\" target=\"_blank\">aqu\u00ed<\/a><\/strong>.<\/p>\n<\/blockquote>\n<blockquote>\n<p style=\"padding-left: 30px\">Vives Recasens, Francesc i Blanch, Antoni. <span style=\"text-decoration: underline\">T<em>arragona ben\u00e9fica: compendio hist\u00f3rico-pr\u00e1ctico de las actuales instituciones ben\u00e9ficas<\/em><\/span>. Tarragona: Suc. de Torres, 1929.\u00a0<strong>Puedes consultarlo y descargarlo <a href=\"http:\/\/issuu.com\/ahspt\/docs\/tarragona_benefica\" target=\"_blank\">aqu\u00ed<\/a><\/strong>.<\/p>\n<\/blockquote>\n<blockquote>\n<p style=\"padding-left: 30px\">Adser\u00e0 Martorell, Josep. <span style=\"text-decoration: underline\"><em>Hospital General de San Pablo y Santa Tecla. Monograf\u00edas sobre el pasado y presente de nuestro hospital<\/em><\/span>. Tarragona: Suc. de Torres, 1929.\u00a0<strong>Puedes consultarlo y descargarlo <a href=\"http:\/\/issuu.com\/ahspt\/docs\/hospital_s_pau_i_sta_tecla_9-min\" target=\"_blank\">aqu\u00ed<\/a><\/strong>.<\/p>\n<\/blockquote>\n","protected":false},"excerpt":{"rendered":"<p>Revent\u00f3s, Jacint. Evoluci\u00f3 de l&#8217;assist\u00e8ncia a Catalunya. Fundaci\u00f3 Uriach 1838, 2004. Puedes consultarlo y descargarlo aqu\u00ed. Adser\u00e0 Martorell, Josep. IV Congr\u00e9s d&#8217;Hist\u00f2ria de la Medicina Catalana, Poblet-Tarragona, junio 1985: Comunicaciones: IV Centenario del nuevo Hospital de Santa Tecla; El Dr. Juan Vives Rubio, primer m\u00e9dico residente; Vicisitudes cuando el sitio y asalto de 1811. Tarragona:&hellip; <a href=\"https:\/\/www.ahspt.cat\/es\/bibliografia-3\/\">Read More<\/a><\/p>\n","protected":false},"author":23,"featured_media":0,"parent":0,"menu_order":0,"comment_status":"closed","ping_status":"closed","template":"","meta":{"footnotes":""},"class_list":["post-923","page","type-page","status-publish","hentry"],"amp_enabled":true,"_links":{"self":[{"href":"https:\/\/www.ahspt.cat\/es\/wp-json\/wp\/v2\/pages\/923","targetHints":{"allow":["GET"]}}],"collection":[{"href":"https:\/\/www.ahspt.cat\/es\/wp-json\/wp\/v2\/pages"}],"about":[{"href":"https:\/\/www.ahspt.cat\/es\/wp-json\/wp\/v2\/types\/page"}],"author":[{"embeddable":true,"href":"https:\/\/www.ahspt.cat\/es\/wp-json\/wp\/v2\/users\/23"}],"replies":[{"embeddable":true,"href":"https:\/\/www.ahspt.cat\/es\/wp-json\/wp\/v2\/comments?post=923"}],"version-history":[{"count":0,"href":"https:\/\/www.ahspt.cat\/es\/wp-json\/wp\/v2\/pages\/923\/revisions"}],"wp:attachment":[{"href":"https:\/\/www.ahspt.cat\/es\/wp-json\/wp\/v2\/media?parent=923"}],"curies":[{"name":"wp","href":"https:\/\/api.w.org\/{rel}","templated":true}]}}